{"id":298,"date":"2019-11-22T12:37:27","date_gmt":"2019-11-22T11:37:27","guid":{"rendered":"https:\/\/nicotondeur.fr\/?page_id=298"},"modified":"2026-03-16T14:37:41","modified_gmt":"2026-03-16T13:37:41","slug":"les-videos-qui-minspirent","status":"publish","type":"page","link":"https:\/\/nicotondeur.fr\/index.php\/les-videos-qui-minspirent\/","title":{"rendered":"Les vid\u00e9os qui m\u2019inspirent"},"content":{"rendered":"\n<p>Voici une liste, non exhaustive, de vid\u00e9os que j&rsquo;utilise r\u00e9guli\u00e8rement pour moi, ou avec les gens que j&rsquo;accompagne:<\/p>\n\n\n\n<p>Simon Sinek: <a href=\"https:\/\/www.youtube.com\/watch?v=ReRcHdeUG9Y\">Why leaders eat last<\/a><\/p>\n\n\n\n<p>La gestion de produit agile en deux mots: <a href=\"https:\/\/www.youtube.com\/watch?v=3qMpB-UH9kA\">En fran\u00e7ais par Florent Lothon<\/a> et <a href=\"https:\/\/www.youtube.com\/watch?v=502ILHjX9EE\">En VO par Henrik Kniberg<\/a><\/p>\n\n\n\n<p>Keynote Agile Grenoble 2018 de <a href=\"https:\/\/www.linkedin.com\/in\/rageade\/\">Franck Rageade<\/a>: <a href=\"https:\/\/www.youtube.com\/watch?v=L9-0Z9ghXmo&amp;t=5s\">Le Fabuleux Destin de Tim Member<\/a><\/p>\n\n\n\n<p>Tim Urban: <a href=\"https:\/\/www.youtube.com\/watch?v=arj7oStGLkU\">Inside the mind of a master procrastinator<\/a><\/p>\n\n\n\n<p>Thomas Durand : <a href=\"https:\/\/www.youtube.com\/watch?v=Y8fO3e8P0_A\">M\u00e9fiez vous des TED<\/a><\/p>\n\n\n\n<p><a href=\"https:\/\/www.linkedin.com\/in\/david-laize\/\">David Laiz\u00e9<\/a> : <a href=\"https:\/\/www.youtube.com\/watch?v=AVaWdZCsWoE&amp;t=7s\">Et si on arr\u00eatait de produire du software inutile?<\/a><\/p>\n\n\n\n<p>La game pentatonic est elle un language universel ? <a href=\"https:\/\/www.youtube.com\/watch?v=ne6tB2KiZuk\">Bobby McFerrin<\/a><\/p>\n\n\n\n<p>La conf\u00e9rence de <a href=\"https:\/\/www.linkedin.com\/in\/sycohen\/\">Sylvia Cohen<\/a> et <a href=\"https:\/\/www.linkedin.com\/in\/gregoryalexandre\/\">Gr\u00e9gory Alexandre<\/a> sur les questions CON : <a href=\"https:\/\/youtu.be\/9YLEMot8e5s?si=cXqgOitZMoCkqKA3\">R\u00e9coltez du feedback client g\u00e9nialissime en posant des questions CON<\/a><\/p>\n\n\n\n<p>La com\u00e9die musicale Agile des <a href=\"https:\/\/www.linkedin.com\/company\/agilemania-by-les-discoachs\">Discoachs<\/a> : <a href=\"https:\/\/youtu.be\/QJ9UkvwTZvk?si=akLBp3ny6kukkJ4x\">AgileMania<\/a><\/p>\n\n\n\n<h2 class=\"wp-block-heading\">Voici quelques vid\u00e9os sur lesquelles j&rsquo;ai la chance d&rsquo;apparaitre :<\/h2>\n\n\n\n<p>Pr\u00e9sentation de l&rsquo;association Keikenchiba : <a href=\"https:\/\/www.youtube.com\/live\/6YScYdWxIms?si=xGRxkhP6vh-8Qawh\">https:\/\/www.youtube.com\/live\/6YScYdWxIms?si=xGRxkhP6vh-8Qawh<\/a><\/p>\n\n\n\n<p>Interview par Laurent Morisseau sur l&rsquo;Entreprise (R\u00e9)Adaptative : <a href=\"https:\/\/community.readaptative.com\/feed\">https:\/\/community.readaptative.com\/feed<\/a><\/p>\n\n\n\n<p>Ma conf\u00e9rence dont le public est le h\u00e9ros (enregistr\u00e9e lors de l&rsquo;Agi&rsquo;Lille 2023) : <a href=\"https:\/\/youtu.be\/Wtf2i10ke7I\">https:\/\/youtu.be\/Wtf2i10ke7I<\/a><\/p>\n\n\n\n<p>\u00ab\u00a0Ces stats de merde\u00a0\u00bb enregistr\u00e9e lors de l&rsquo;Agile Grenoble 2025 :<\/p>\n\n\n\n<p><a href=\"https:\/\/youtu.be\/QgXWWyqNrUI?si=5gSJqpbsJx8GiCCv\">https:\/\/youtu.be\/QgXWWyqNrUI?si=5gSJqpbsJx8GiCCv<\/a><\/p>\n\n\n\n<p><\/p>\n","protected":false},"excerpt":{"rendered":"<p>Voici une liste, non exhaustive, de vid\u00e9os que j&rsquo;utilise r\u00e9guli\u00e8rement pour moi, ou avec les gens que j&rsquo;accompagne: Simon Sinek: Why leaders eat last La gestion de produit agile en deux mots: En fran\u00e7ais par Florent Lothon et En VO par Henrik Kniberg Keynote Agile Grenoble 2018 de Franck Rageade: Le Fabuleux Destin de Tim [&hellip;]<\/p>\n","protected":false},"author":1,"featured_media":0,"parent":0,"menu_order":0,"comment_status":"closed","ping_status":"closed","template":"","meta":{"jetpack_post_was_ever_published":false,"footnotes":""},"class_list":["post-298","page","type-page","status-publish","hentry"],"jetpack_sharing_enabled":true,"jetpack_shortlink":"https:\/\/wp.me\/PaJKjz-4O","jetpack-related-posts":[{"id":125,"url":"https:\/\/nicotondeur.fr\/index.php\/les-serious-games\/","url_meta":{"origin":298,"position":0},"title":"Les Serious Games","author":"Nico Tondeur","date":"20 mai 2019","format":false,"excerpt":"Voici une liste des Serious Games disponibles sur ce site: Point de vue L'article d\u00e9crivant l'outil: http:\/\/nicotondeur.fr\/index.php\/2019\/04\/05\/point-de-vue-le-serious-game\/ Les cartes: PointDeVue_V1.01Download LegoVision L'article de blog: http:\/\/nicotondeur.fr\/index.php\/2019\/05\/20\/legovision-le-serious-game\/ Le PDF: LegoVisionDownload Le fichier Excel: LegoVisionDownload Stressss!!! L'article de blog: http:\/\/nicotondeur.fr\/index.php\/2019\/06\/21\/stressss\/ Le PDF: Stressss_VersionCCDownload Le Tableau de Scores: StressssTableauDePointsNeutreDownload Stressss!!! V2.0 L'article de blog:\u2026","rel":"","context":"Article similaire","block_context":{"text":"Article similaire","link":""},"img":{"alt_text":"","src":"","width":0,"height":0},"classes":[]},{"id":10,"url":"https:\/\/nicotondeur.fr\/index.php\/a-propos-de\/","url_meta":{"origin":298,"position":1},"title":"\u00c0 propos de Nico","author":"Nico Tondeur","date":"20 f\u00e9vrier 2019","format":false,"excerpt":"Agiliste convaincu, Animateur\/Cr\u00e9ateur de Serious Games, j'accompagne actuellement l'alignement strat\u00e9gique humain pour Techsys et pour ses clients. J'anime la communaut\u00e9 Hacoeur (Humains au Coeur) et le site hacoeur.fr . Membre du bureau de NordAgile, j'aide \u00e0 l'animation de la communaut\u00e9 agile et serious gameuse de Lille. J'ai rejoins en 2024\u2026","rel":"","context":"Article similaire","block_context":{"text":"Article similaire","link":""},"img":{"alt_text":"","src":"https:\/\/i0.wp.com\/nicotondeur.fr\/wp-content\/uploads\/2019\/02\/sandwich.jpg?fit=1200%2C720&ssl=1&resize=350%2C200","width":350,"height":200,"srcset":"https:\/\/i0.wp.com\/nicotondeur.fr\/wp-content\/uploads\/2019\/02\/sandwich.jpg?fit=1200%2C720&ssl=1&resize=350%2C200 1x, https:\/\/i0.wp.com\/nicotondeur.fr\/wp-content\/uploads\/2019\/02\/sandwich.jpg?fit=1200%2C720&ssl=1&resize=525%2C300 1.5x, https:\/\/i0.wp.com\/nicotondeur.fr\/wp-content\/uploads\/2019\/02\/sandwich.jpg?fit=1200%2C720&ssl=1&resize=700%2C400 2x, https:\/\/i0.wp.com\/nicotondeur.fr\/wp-content\/uploads\/2019\/02\/sandwich.jpg?fit=1200%2C720&ssl=1&resize=1050%2C600 3x"},"classes":[]}],"_links":{"self":[{"href":"https:\/\/nicotondeur.fr\/index.php\/wp-json\/wp\/v2\/pages\/298","targetHints":{"allow":["GET"]}}],"collection":[{"href":"https:\/\/nicotondeur.fr\/index.php\/wp-json\/wp\/v2\/pages"}],"about":[{"href":"https:\/\/nicotondeur.fr\/index.php\/wp-json\/wp\/v2\/types\/page"}],"author":[{"embeddable":true,"href":"https:\/\/nicotondeur.fr\/index.php\/wp-json\/wp\/v2\/users\/1"}],"replies":[{"embeddable":true,"href":"https:\/\/nicotondeur.fr\/index.php\/wp-json\/wp\/v2\/comments?post=298"}],"version-history":[{"count":10,"href":"https:\/\/nicotondeur.fr\/index.php\/wp-json\/wp\/v2\/pages\/298\/revisions"}],"predecessor-version":[{"id":1378,"href":"https:\/\/nicotondeur.fr\/index.php\/wp-json\/wp\/v2\/pages\/298\/revisions\/1378"}],"wp:attachment":[{"href":"https:\/\/nicotondeur.fr\/index.php\/wp-json\/wp\/v2\/media?parent=298"}],"curies":[{"name":"wp","href":"https:\/\/api.w.org\/{rel}","templated":true}]}}