{"id":10,"date":"2019-02-20T12:57:25","date_gmt":"2019-02-20T11:57:25","guid":{"rendered":"http:\/\/nicotondeur.fr\/?page_id=10"},"modified":"2026-01-05T15:14:09","modified_gmt":"2026-01-05T14:14:09","slug":"a-propos-de","status":"publish","type":"page","link":"https:\/\/nicotondeur.fr\/index.php\/a-propos-de\/","title":{"rendered":"\u00c0 propos de Nico"},"content":{"rendered":"<p>Agiliste convaincu, Animateur\/Cr\u00e9ateur de Serious Games, j&rsquo;accompagne actuellement l&rsquo;alignement strat\u00e9gique humain pour <a href=\"http:\/\/www.techsys.fr\">Techsys<\/a> et pour ses clients.<\/p>\n<p>J&rsquo;anime la communaut\u00e9 Hacoeur (Humains au Coeur) et le site <a href=\"http:\/\/hacoeur.fr\">hacoeur.fr<\/a> .<\/p>\n<p>Membre du bureau de <a href=\"http:\/\/nord-agile.org\/\">NordAgile<\/a>, j&rsquo;aide \u00e0 l&rsquo;animation de la communaut\u00e9 agile et serious gameuse de Lille.<\/p>\n<p>J&rsquo;ai rejoins en 2024 le <a href=\"https:\/\/www.sgd-syndicat.org\">Syndicat Fran\u00e7ais des Serious Game Designers<\/a> et <a href=\"https:\/\/keikenchiba.org\">Keikenchiba<\/a> en 2025.<\/p>\n<p>J&rsquo;ai particip\u00e9 \u00e0 la cr\u00e9ation de <a href=\"https:\/\/drive.google.com\/file\/d\/1-YNLo77zGRLTR1iO3J1F8qYdMyuHxqq2\/view\">Stressss!!!<\/a>, du Samourai Pizza Game et d&rsquo;<a href=\"https:\/\/drive.google.com\/open?id=1cBO40aBhihUp_BuWiS8pI7aZXqQBRrjM\">Antidette<\/a> qui devraient bient\u00f4t \u00eatre rejoint sur ce site par d&rsquo;autres productions&#8230;<\/p>\n","protected":false},"excerpt":{"rendered":"<p>Agiliste convaincu, Animateur\/Cr\u00e9ateur de Serious Games, j&rsquo;accompagne actuellement l&rsquo;alignement strat\u00e9gique humain pour Techsys et pour ses clients. J&rsquo;anime la communaut\u00e9 Hacoeur (Humains au Coeur) et le site hacoeur.fr . Membre du bureau de NordAgile, j&rsquo;aide \u00e0 l&rsquo;animation de la communaut\u00e9 agile et serious gameuse de Lille. J&rsquo;ai rejoins en 2024 le Syndicat Fran\u00e7ais des Serious [&hellip;]<\/p>\n","protected":false},"author":1,"featured_media":7,"parent":0,"menu_order":0,"comment_status":"closed","ping_status":"closed","template":"","meta":{"jetpack_post_was_ever_published":false,"footnotes":""},"class_list":["post-10","page","type-page","status-publish","has-post-thumbnail","hentry"],"jetpack_sharing_enabled":true,"jetpack_shortlink":"https:\/\/wp.me\/PaJKjz-a","jetpack-related-posts":[{"id":125,"url":"https:\/\/nicotondeur.fr\/index.php\/les-serious-games\/","url_meta":{"origin":10,"position":0},"title":"Les Serious Games","author":"Nico Tondeur","date":"20 mai 2019","format":false,"excerpt":"Voici une liste des Serious Games disponibles sur ce site: Point de vue L'article d\u00e9crivant l'outil: http:\/\/nicotondeur.fr\/index.php\/2019\/04\/05\/point-de-vue-le-serious-game\/ Les cartes: PointDeVue_V1.01Download LegoVision L'article de blog: http:\/\/nicotondeur.fr\/index.php\/2019\/05\/20\/legovision-le-serious-game\/ Le PDF: LegoVisionDownload Le fichier Excel: LegoVisionDownload Stressss!!! L'article de blog: http:\/\/nicotondeur.fr\/index.php\/2019\/06\/21\/stressss\/ Le PDF: Stressss_VersionCCDownload Le Tableau de Scores: StressssTableauDePointsNeutreDownload Stressss!!! V2.0 L'article de blog:\u2026","rel":"","context":"Article similaire","block_context":{"text":"Article similaire","link":""},"img":{"alt_text":"","src":"","width":0,"height":0},"classes":[]},{"id":298,"url":"https:\/\/nicotondeur.fr\/index.php\/les-videos-qui-minspirent\/","url_meta":{"origin":10,"position":1},"title":"Les vid\u00e9os qui m\u2019inspirent","author":"Nico Tondeur","date":"22 novembre 2019","format":false,"excerpt":"Voici une liste, non exhaustive, de vid\u00e9os que j'utilise r\u00e9guli\u00e8rement pour moi, ou avec les gens que j'accompagne: Simon Sinek: Why leaders eat last La gestion de produit agile en deux mots: En fran\u00e7ais par Florent Lothon et En VO par Henrik Kniberg Keynote Agile Grenoble 2018 de Franck Rageade:\u2026","rel":"","context":"Article similaire","block_context":{"text":"Article similaire","link":""},"img":{"alt_text":"","src":"","width":0,"height":0},"classes":[]}],"_links":{"self":[{"href":"https:\/\/nicotondeur.fr\/index.php\/wp-json\/wp\/v2\/pages\/10","targetHints":{"allow":["GET"]}}],"collection":[{"href":"https:\/\/nicotondeur.fr\/index.php\/wp-json\/wp\/v2\/pages"}],"about":[{"href":"https:\/\/nicotondeur.fr\/index.php\/wp-json\/wp\/v2\/types\/page"}],"author":[{"embeddable":true,"href":"https:\/\/nicotondeur.fr\/index.php\/wp-json\/wp\/v2\/users\/1"}],"replies":[{"embeddable":true,"href":"https:\/\/nicotondeur.fr\/index.php\/wp-json\/wp\/v2\/comments?post=10"}],"version-history":[{"count":5,"href":"https:\/\/nicotondeur.fr\/index.php\/wp-json\/wp\/v2\/pages\/10\/revisions"}],"predecessor-version":[{"id":1272,"href":"https:\/\/nicotondeur.fr\/index.php\/wp-json\/wp\/v2\/pages\/10\/revisions\/1272"}],"wp:featuredmedia":[{"embeddable":true,"href":"https:\/\/nicotondeur.fr\/index.php\/wp-json\/wp\/v2\/media\/7"}],"wp:attachment":[{"href":"https:\/\/nicotondeur.fr\/index.php\/wp-json\/wp\/v2\/media?parent=10"}],"curies":[{"name":"wp","href":"https:\/\/api.w.org\/{rel}","templated":true}]}}